{"id":382,"date":"2016-02-17T22:30:45","date_gmt":"2016-02-17T22:30:45","guid":{"rendered":"http:\/\/imagelydemo.com.routing.wpmanagedhost.com\/?page_id=7"},"modified":"2024-09-01T05:09:04","modified_gmt":"2024-09-01T05:09:04","slug":"contact","status":"publish","type":"page","link":"https:\/\/photographer.dk\/index.php\/contact\/","title":{"rendered":"kontakt"},"content":{"rendered":"\t\t<div data-elementor-type=\"wp-page\" data-elementor-id=\"382\" class=\"elementor elementor-382\">\n\t\t\t\t<div class=\"elementor-element elementor-element-674f6d64 e-flex e-con-boxed e-con e-parent\" data-id=\"674f6d64\" data-element_type=\"container\" data-e-type=\"container\">\n\t\t\t\t\t<div class=\"e-con-inner\">\n\t\t\t\t<div class=\"elementor-element elementor-element-148f931d elementor-widget elementor-widget-text-editor\" data-id=\"148f931d\" data-element_type=\"widget\" data-e-type=\"widget\" data-widget_type=\"text-editor.default\">\n\t\t\t\t<div class=\"elementor-widget-container\">\n\t\t\t\t\t\t\t\t\t<p><\/p>\n<p><br><br><br>For sp\u00f8rgsm\u00e5l relateret til din ordre og produkter i webshoppen, brug kontaktformularen.<br>Hvis du vil sende mig noget, s\u00e5 brug nedenst\u00e5ende adresse<\/p>\n<p>Web@photographer.dk<br><br><br><br><br><br><br><br><br><br><\/p>\n<p><\/p>\n<p><\/p>\t\t\t\t\t\t\t\t<\/div>\n\t\t\t\t<\/div>\n\t\t\t\t\t<\/div>\n\t\t\t\t<\/div>\n\t\t\t\t<\/div>\n\t\t","protected":false},"excerpt":{"rendered":"<p>For sp\u00f8rgsm\u00e5l relateret til din ordre og produkter i webshoppen, brug kontaktformularen.Hvis du vil sende mig noget, s\u00e5 brug nedenst\u00e5ende adresse Web@photographer.dk<\/p>\n","protected":false},"author":1,"featured_media":7442,"parent":0,"menu_order":0,"comment_status":"closed","ping_status":"closed","template":"","meta":{"ngg_post_thumbnail":0,"footnotes":""},"class_list":["post-382","page","type-page","status-publish","has-post-thumbnail","hentry","entry","has-media"],"_links":{"self":[{"href":"https:\/\/photographer.dk\/index.php\/wp-json\/wp\/v2\/pages\/382","targetHints":{"allow":["GET"]}}],"collection":[{"href":"https:\/\/photographer.dk\/index.php\/wp-json\/wp\/v2\/pages"}],"about":[{"href":"https:\/\/photographer.dk\/index.php\/wp-json\/wp\/v2\/types\/page"}],"author":[{"embeddable":true,"href":"https:\/\/photographer.dk\/index.php\/wp-json\/wp\/v2\/users\/1"}],"replies":[{"embeddable":true,"href":"https:\/\/photographer.dk\/index.php\/wp-json\/wp\/v2\/comments?post=382"}],"version-history":[{"count":31,"href":"https:\/\/photographer.dk\/index.php\/wp-json\/wp\/v2\/pages\/382\/revisions"}],"predecessor-version":[{"id":7598,"href":"https:\/\/photographer.dk\/index.php\/wp-json\/wp\/v2\/pages\/382\/revisions\/7598"}],"wp:featuredmedia":[{"embeddable":true,"href":"https:\/\/photographer.dk\/index.php\/wp-json\/wp\/v2\/media\/7442"}],"wp:attachment":[{"href":"https:\/\/photographer.dk\/index.php\/wp-json\/wp\/v2\/media?parent=382"}],"curies":[{"name":"wp","href":"https:\/\/api.w.org\/{rel}","templated":true}]}}