{"id":523,"date":"2016-02-17T22:30:40","date_gmt":"2016-02-17T22:30:40","guid":{"rendered":"http:\/\/imagelydemo.com.routing.wpmanagedhost.com\/?page_id=6"},"modified":"2024-09-01T04:51:03","modified_gmt":"2024-09-01T04:51:03","slug":"about","status":"publish","type":"page","link":"https:\/\/photographer.dk\/index.php\/about\/","title":{"rendered":"Om Photographer"},"content":{"rendered":"\t\t<div data-elementor-type=\"wp-page\" data-elementor-id=\"523\" class=\"elementor elementor-523\">\n\t\t\t\t<div class=\"elementor-element elementor-element-562c7673 e-flex e-con-boxed e-con e-parent\" data-id=\"562c7673\" data-element_type=\"container\" data-e-type=\"container\">\n\t\t\t\t\t<div class=\"e-con-inner\">\n\t\t\t\t<div class=\"elementor-element elementor-element-67579326 elementor-widget elementor-widget-text-editor\" data-id=\"67579326\" data-element_type=\"widget\" data-e-type=\"widget\" data-widget_type=\"text-editor.default\">\n\t\t\t\t<div class=\"elementor-widget-container\">\n\t\t\t\t\t\t\t\t\t<p style=\"margin-bottom: 1em; overflow-wrap: inherit; color: #3d3d3d; font-family: Montserrat; font-size: 16.0016px; font-style: normal; font-variant-ligatures: normal; font-variant-caps: normal; font-weight: 500;\"><span style=\"font-weight: 600;\">Navn:<\/span>&nbsp;Ole&nbsp; Jensen<br><span style=\"font-family: Montserrat; font-size: 16.0016px; font-style: normal; font-variant-ligatures: normal; font-variant-caps: normal; text-align: var(--text-align); font-weight: 600;\">Fotografisk baggrund:<\/span><span style=\"font-family: Montserrat; font-size: 16.0016px; font-style: normal; font-variant-ligatures: normal; font-variant-caps: normal; font-weight: 500; text-align: var(--text-align);\">&nbsp;<\/span><span style=\"font-family: Montserrat; font-size: 16.0016px; font-style: normal; font-variant-ligatures: normal; font-variant-caps: normal; font-weight: 500; text-align: var(--text-align);\">Amat\u00f8r, 15 \u00e5r<br><\/span><span style=\"font-family: Montserrat; font-size: 16.0016px; font-style: normal; font-variant-ligatures: normal; font-variant-caps: normal; text-align: var(--text-align); font-weight: 600;\">Fotografisk m\u00e5l:&nbsp;<\/span><span style=\"font-family: Montserrat; font-size: 16.0016px; font-style: normal; font-variant-ligatures: normal; font-variant-caps: normal; font-weight: 500; text-align: var(--text-align);\">At lave gode og kreative billeder af modeller og natur.<\/span><\/p>\n<p style=\"margin-bottom: 1em; overflow-wrap: inherit; color: #3d3d3d; font-family: Montserrat; font-size: 16.0016px; font-style: normal; font-variant-ligatures: normal; font-variant-caps: normal; font-weight: 500;\"><span style=\"font-weight: 600;\">Historie:&nbsp;<\/span>Det hele startede da min k\u00e6rste gav mig det f\u00f8rste karmera. Dette var et Olympus C-3030 Zoom Et kamera som jeg satte meget stor pris p\u00e5 endda<span style=\"font-weight: 600;\">&nbsp;<\/span>at det nu er blivet en s\u00e6rdeles stor del<span style=\"font-weight: 600;\">&nbsp;<\/span>af min hverdag. Jeg fors\u00f8ger hele tiden at finde nye motiver, og inspiration hvor end jeg er<span style=\"font-weight: 600;\">.&nbsp;<\/span>I dag er Olympusen blivet udskiftet med et mere moderne digitalkamera<span style=\"font-weight: 600;\">,&nbsp;<\/span>jeg har altid&nbsp;fotograferet digitalt.&nbsp;<\/p>\n<p>Natur og dyrelivsfotografering Der er intet der bedre end at tilbringe nogle dage i naturen&nbsp; og fotografering af vilde dyr.<\/p>\n<p><span style=\"text-align: var(--text-align);\">Der sker noget med mit sind, n\u00e5r jeg sidder ved siden af b\u00e5let og laver min mad, lytter til vinden i tr\u00e6erne og ser alt det smukke i naturen.<\/span><span style=\"color: rgb(61, 61, 61); font-family: Montserrat; font-size: 16.0016px; font-style: normal; font-variant-ligatures: normal; font-variant-caps: normal; font-weight: 500; text-align: var(--text-align);\">Jeg er ikke uddannet fotograf og det er helle ikke en fuldtidsbesk\u00e6ftigelse.<br><\/span><span style=\"color: rgb(61, 61, 61); font-family: Montserrat; font-size: 16.0016px; font-style: normal; font-variant-ligatures: normal; font-variant-caps: normal; font-weight: 500; text-align: var(--text-align);\">Det er s\u00e5ledes kun interessen.<br><br><br><br><br><br><\/span><\/p>\n<p style=\"margin-bottom: 1em; overflow-wrap: inherit; color: #3d3d3d; font-family: Montserrat; font-size: 16.0016px; font-style: normal; font-variant-ligatures: normal; font-variant-caps: normal; font-weight: 500;\">\n<\/p>\t\t\t\t\t\t\t\t<\/div>\n\t\t\t\t<\/div>\n\t\t\t\t\t<\/div>\n\t\t\t\t<\/div>\n\t\t\t\t<\/div>\n\t\t","protected":false},"excerpt":{"rendered":"<p>Navn:&nbsp;Ole&nbsp; JensenFotografisk baggrund:&nbsp;Amat\u00f8r, 15 \u00e5rFotografisk m\u00e5l:&nbsp;At lave gode og kreative billeder af modeller og natur. Historie:&nbsp;Det hele startede da min k\u00e6rste gav mig det f\u00f8rste karmera. Dette var et Olympus C-3030 Zoom Et kamera som jeg satte meget stor pris p\u00e5 endda&nbsp;at det nu er blivet en s\u00e6rdeles stor del&nbsp;af min hverdag. Jeg fors\u00f8ger hele [&hellip;]<\/p>\n","protected":false},"author":1,"featured_media":7441,"parent":0,"menu_order":0,"comment_status":"closed","ping_status":"closed","template":"","meta":{"ngg_post_thumbnail":0,"footnotes":""},"class_list":["post-523","page","type-page","status-publish","has-post-thumbnail","hentry","entry","has-media"],"_links":{"self":[{"href":"https:\/\/photographer.dk\/index.php\/wp-json\/wp\/v2\/pages\/523","targetHints":{"allow":["GET"]}}],"collection":[{"href":"https:\/\/photographer.dk\/index.php\/wp-json\/wp\/v2\/pages"}],"about":[{"href":"https:\/\/photographer.dk\/index.php\/wp-json\/wp\/v2\/types\/page"}],"author":[{"embeddable":true,"href":"https:\/\/photographer.dk\/index.php\/wp-json\/wp\/v2\/users\/1"}],"replies":[{"embeddable":true,"href":"https:\/\/photographer.dk\/index.php\/wp-json\/wp\/v2\/comments?post=523"}],"version-history":[{"count":34,"href":"https:\/\/photographer.dk\/index.php\/wp-json\/wp\/v2\/pages\/523\/revisions"}],"predecessor-version":[{"id":7577,"href":"https:\/\/photographer.dk\/index.php\/wp-json\/wp\/v2\/pages\/523\/revisions\/7577"}],"wp:featuredmedia":[{"embeddable":true,"href":"https:\/\/photographer.dk\/index.php\/wp-json\/wp\/v2\/media\/7441"}],"wp:attachment":[{"href":"https:\/\/photographer.dk\/index.php\/wp-json\/wp\/v2\/media?parent=523"}],"curies":[{"name":"wp","href":"https:\/\/api.w.org\/{rel}","templated":true}]}}