{"id":611,"date":"2020-05-07T16:05:48","date_gmt":"2020-05-07T16:05:48","guid":{"rendered":"http:\/\/reactrtesting.com\/limitless\/?page_id=611"},"modified":"2024-08-31T07:44:42","modified_gmt":"2024-08-31T07:44:42","slug":"home","status":"publish","type":"page","link":"https:\/\/photographer.dk\/","title":{"rendered":"Home"},"content":{"rendered":"<style>.kb-row-layout-id611_9e51cd-f8 > .kt-row-column-wrap{align-content:start;}:where(.kb-row-layout-id611_9e51cd-f8 > .kt-row-column-wrap) > .wp-block-kadence-column{justify-content:start;}.kb-row-layout-id611_9e51cd-f8 > .kt-row-column-wrap{column-gap:var(--global-kb-gap-md, 2rem);row-gap:var(--global-kb-gap-md, 2rem);max-width:1200px;margin-left:auto;margin-right:auto;padding-top:var(--global-kb-spacing-xs, 1rem);padding-bottom:var(--global-kb-spacing-xxs, 0.5rem);grid-template-columns:minmax(0, 1fr);}.kb-row-layout-id611_9e51cd-f8 > .kt-row-layout-overlay{opacity:0.30;}.kb-row-layout-id611_9e51cd-f8 .kt-row-layout-bottom-sep{height:100px;}.kb-row-layout-id611_9e51cd-f8 .kt-row-layout-bottom-sep svg{width:100%;}.kb-row-layout-id611_9e51cd-f8 .kt-row-layout-bottom-sep svg{fill:#ffffff!important;}@media all and (max-width: 1024px){.kb-row-layout-id611_9e51cd-f8 > .kt-row-column-wrap{padding-right:20px;padding-left:20px;grid-template-columns:minmax(0, 1fr);}}@media all and (max-width: 1024px){.kb-row-layout-id611_9e51cd-f8 .kt-row-layout-bottom-sep{height:px;}}@media all and (max-width: 1024px){.kb-row-layout-id611_9e51cd-f8 .kt-row-layout-bottom-sep svg{width:%;}}@media all and (max-width: 767px){.kb-row-layout-id611_9e51cd-f8 > .kt-row-column-wrap{padding-right:20px;padding-left:20px;grid-template-columns:minmax(0, 1fr);}.kb-row-layout-id611_9e51cd-f8 .kt-row-layout-bottom-sep{height:px;}.kb-row-layout-id611_9e51cd-f8 .kt-row-layout-bottom-sep svg{width:%;}}<\/style><div class=\"kb-row-layout-wrap kb-row-layout-id611_9e51cd-f8 alignnone wp-block-kadence-rowlayout\"><div class=\"kt-row-column-wrap kt-has-1-columns kt-row-layout-equal kt-tab-layout-inherit kt-mobile-layout-row kt-row-valign-top\">\n<style>.kadence-column611_fa8665-a0 > .kt-inside-inner-col,.kadence-column611_fa8665-a0 > .kt-inside-inner-col:before{border-top-left-radius:0px;border-top-right-radius:0px;border-bottom-right-radius:0px;border-bottom-left-radius:0px;}.kadence-column611_fa8665-a0 > .kt-inside-inner-col{column-gap:var(--global-kb-gap-sm, 1rem);}.kadence-column611_fa8665-a0 > .kt-inside-inner-col{flex-direction:column;}.kadence-column611_fa8665-a0 > .kt-inside-inner-col > .aligncenter{width:100%;}.kadence-column611_fa8665-a0 > .kt-inside-inner-col:before{opacity:0.3;}.kadence-column611_fa8665-a0{position:relative;}@media all and (max-width: 1024px){.kadence-column611_fa8665-a0 > .kt-inside-inner-col{flex-direction:column;justify-content:center;}}@media all and (max-width: 767px){.kadence-column611_fa8665-a0 > .kt-inside-inner-col{flex-direction:column;justify-content:center;}}<\/style>\n<div class=\"wp-block-kadence-column kadence-column611_fa8665-a0\"><div class=\"kt-inside-inner-col\"><\/div><\/div>\n\n<\/div><\/div>\n\n<style>.kb-row-layout-id611_869ebe-01 > .kt-row-column-wrap{align-content:start;}:where(.kb-row-layout-id611_869ebe-01 > .kt-row-column-wrap) > .wp-block-kadence-column{justify-content:start;}.kb-row-layout-id611_869ebe-01 > .kt-row-column-wrap{column-gap:var(--global-kb-gap-md, 2rem);row-gap:var(--global-kb-gap-md, 2rem);max-width:1200px;margin-left:auto;margin-right:auto;padding-top:250px;padding-bottom:250px;grid-template-columns:minmax(0, 1fr);}.kb-row-layout-id611_869ebe-01 > .kt-row-layout-overlay{opacity:0.30;background-color:#313131;}@media all and (max-width: 1024px){.kb-row-layout-id611_869ebe-01 > .kt-row-column-wrap{grid-template-columns:minmax(0, 1fr);}}@media all and (max-width: 767px){.kb-row-layout-id611_869ebe-01 > .kt-row-column-wrap{padding-top:200px;padding-bottom:200px;grid-template-columns:minmax(0, 1fr);}}<\/style><div class=\"kb-row-layout-wrap kb-row-layout-id611_869ebe-01 alignnone kt-row-has-bg i-hero wp-block-kadence-rowlayout\"><div class=\"kb-blocks-bg-video-container\"><video class=\"kb-blocks-bg-video\" id=\"bg-row-video-611_869ebe-01\" playsinline muted loop src=\"https:\/\/photographer.dk\/wp-content\/uploads\/2020\/05\/mountain-timelapse-2mb.mp4\" poster=\"https:\/\/photographer.dk\/wp-content\/uploads\/2020\/11\/limitless-still.jpg\" autoplay><\/video><\/div><div class=\"kt-row-layout-overlay kt-row-overlay-normal\"><\/div><div class=\"kt-row-column-wrap kt-has-1-columns kt-row-layout-equal kt-tab-layout-inherit kt-mobile-layout-row kt-row-valign-top\">\n<style>.kadence-column611_bbf08b-3d > .kt-inside-inner-col,.kadence-column611_bbf08b-3d > .kt-inside-inner-col:before{border-top-left-radius:0px;border-top-right-radius:0px;border-bottom-right-radius:0px;border-bottom-left-radius:0px;}.kadence-column611_bbf08b-3d > .kt-inside-inner-col{column-gap:var(--global-kb-gap-sm, 1rem);}.kadence-column611_bbf08b-3d > .kt-inside-inner-col{flex-direction:column;}.kadence-column611_bbf08b-3d > .kt-inside-inner-col > .aligncenter{width:100%;}.kadence-column611_bbf08b-3d > .kt-inside-inner-col:before{opacity:0.3;}.kadence-column611_bbf08b-3d{position:relative;}@media all and (max-width: 1024px){.kadence-column611_bbf08b-3d > .kt-inside-inner-col{flex-direction:column;justify-content:center;}}@media all and (max-width: 767px){.kadence-column611_bbf08b-3d > .kt-inside-inner-col{flex-direction:column;justify-content:center;}}<\/style>\n<div class=\"wp-block-kadence-column kadence-column611_bbf08b-3d inner-column-1\"><div class=\"kt-inside-inner-col\"><style>.wp-block-kadence-advancedheading.kt-adv-heading611_2ab6ba-fe, .wp-block-kadence-advancedheading.kt-adv-heading611_2ab6ba-fe[data-kb-block=\"kb-adv-heading611_2ab6ba-fe\"]{text-align:center;font-size:55px;font-weight:normal;font-style:normal;color:#ffffff;}.wp-block-kadence-advancedheading.kt-adv-heading611_2ab6ba-fe mark.kt-highlight, .wp-block-kadence-advancedheading.kt-adv-heading611_2ab6ba-fe[data-kb-block=\"kb-adv-heading611_2ab6ba-fe\"] mark.kt-highlight{font-weight:normal;font-style:normal;color:#f76a0c;-webkit-box-decoration-break:clone;box-decoration-break:clone;padding-top:0px;padding-right:0px;padding-bottom:0px;padding-left:0px;}.wp-block-kadence-advancedheading.kt-adv-heading611_2ab6ba-fe img.kb-inline-image, .wp-block-kadence-advancedheading.kt-adv-heading611_2ab6ba-fe[data-kb-block=\"kb-adv-heading611_2ab6ba-fe\"] img.kb-inline-image{width:150px;vertical-align:baseline;}@media all and (max-width: 767px){.wp-block-kadence-advancedheading.kt-adv-heading611_2ab6ba-fe, .wp-block-kadence-advancedheading.kt-adv-heading611_2ab6ba-fe[data-kb-block=\"kb-adv-heading611_2ab6ba-fe\"]{font-size:40px;}}<\/style>\n<h2 class=\"kt-adv-heading611_2ab6ba-fe wp-block-kadence-advancedheading\" data-kb-block=\"kb-adv-heading611_2ab6ba-fe\"><strong>Photographer<\/strong><\/h2>\n\n\n<style>.wp-block-kadence-advancedheading.kt-adv-heading611_55e69c-e0, .wp-block-kadence-advancedheading.kt-adv-heading611_55e69c-e0[data-kb-block=\"kb-adv-heading611_55e69c-e0\"]{margin-top:0px;margin-bottom:0px;text-align:center;font-size:17px;font-weight:400;font-style:normal;letter-spacing:1px;color:#ffffff;}.wp-block-kadence-advancedheading.kt-adv-heading611_55e69c-e0 mark.kt-highlight, .wp-block-kadence-advancedheading.kt-adv-heading611_55e69c-e0[data-kb-block=\"kb-adv-heading611_55e69c-e0\"] mark.kt-highlight{font-weight:normal;font-style:normal;color:#f76a0c;-webkit-box-decoration-break:clone;box-decoration-break:clone;padding-top:0px;padding-right:0px;padding-bottom:0px;padding-left:0px;}.wp-block-kadence-advancedheading.kt-adv-heading611_55e69c-e0 img.kb-inline-image, .wp-block-kadence-advancedheading.kt-adv-heading611_55e69c-e0[data-kb-block=\"kb-adv-heading611_55e69c-e0\"] img.kb-inline-image{width:150px;vertical-align:baseline;}<\/style>\n<h2 class=\"kt-adv-heading611_55e69c-e0 wp-block-kadence-advancedheading\" data-kb-block=\"kb-adv-heading611_55e69c-e0\">Velkommen til mine oplevelser igemme mine objektiver<br>Lad os indfange de intense \u00f8jeblikke og skabe uforglemmelige minder<br>Find sk\u00f8nheden i naturen og fang unikke \u00f8jeblikke.<br><br><\/h2>\n\n\n<style>.wp-block-kadence-spacer.kt-block-spacer-611_32a656-17 .kt-block-spacer{height:30px;}.wp-block-kadence-spacer.kt-block-spacer-611_32a656-17 .kt-divider{border-top-width:1px;height:1px;border-top-color:#eee;width:80%;border-top-style:solid;}<\/style>\n<div class=\"wp-block-kadence-spacer aligncenter kt-block-spacer-611_32a656-17\"><div class=\"kt-block-spacer kt-block-spacer-halign-center\"><\/div><\/div>\n<\/div><\/div>\n\n<\/div><\/div>","protected":false},"excerpt":{"rendered":"<p>Photographer Velkommen til mine oplevelser igemme mine objektiverLad os indfange de intense \u00f8jeblikke og skabe uforglemmelige minderFind sk\u00f8nheden i naturen og fang unikke \u00f8jeblikke.<\/p>\n","protected":false},"author":1,"featured_media":7327,"parent":0,"menu_order":0,"comment_status":"closed","ping_status":"closed","template":"","meta":{"ngg_post_thumbnail":2,"footnotes":""},"class_list":["post-611","page","type-page","status-publish","has-post-thumbnail","hentry","entry","has-media"],"_links":{"self":[{"href":"https:\/\/photographer.dk\/index.php\/wp-json\/wp\/v2\/pages\/611","targetHints":{"allow":["GET"]}}],"collection":[{"href":"https:\/\/photographer.dk\/index.php\/wp-json\/wp\/v2\/pages"}],"about":[{"href":"https:\/\/photographer.dk\/index.php\/wp-json\/wp\/v2\/types\/page"}],"author":[{"embeddable":true,"href":"https:\/\/photographer.dk\/index.php\/wp-json\/wp\/v2\/users\/1"}],"replies":[{"embeddable":true,"href":"https:\/\/photographer.dk\/index.php\/wp-json\/wp\/v2\/comments?post=611"}],"version-history":[{"count":14,"href":"https:\/\/photographer.dk\/index.php\/wp-json\/wp\/v2\/pages\/611\/revisions"}],"predecessor-version":[{"id":7458,"href":"https:\/\/photographer.dk\/index.php\/wp-json\/wp\/v2\/pages\/611\/revisions\/7458"}],"wp:featuredmedia":[{"embeddable":true,"href":"https:\/\/photographer.dk\/index.php\/wp-json\/wp\/v2\/media\/7327"}],"wp:attachment":[{"href":"https:\/\/photographer.dk\/index.php\/wp-json\/wp\/v2\/media?parent=611"}],"curies":[{"name":"wp","href":"https:\/\/api.w.org\/{rel}","templated":true}]}}